{"id":206,"date":"2017-02-28T17:36:04","date_gmt":"2017-02-28T16:36:04","guid":{"rendered":"http:\/\/osonaprogramacio.com\/wp-osprog\/?page_id=206\/"},"modified":"2019-07-02T13:27:56","modified_gmt":"2019-07-02T12:27:56","slug":"quienes-somos","status":"publish","type":"page","link":"https:\/\/osonaprogramacio.com\/es\/quienes-somos\/","title":{"rendered":"Qui\u00e9nes somos"},"content":{"rendered":"<p>Osprog somos un equipo global dedicados a la creaci\u00f3n de programas espec\u00edficos para el sector industrial<\/p>\n","protected":false},"excerpt":{"rendered":"Osprog somos un equipo global dedicados a la creaci\u00f3n de programas espec\u00edficos para el sector industrial","protected":false},"author":1,"featured_media":248,"parent":0,"menu_order":0,"comment_status":"closed","ping_status":"closed","template":"page-qui-som.php","meta":[],"acf":[],"yoast_head":"<!-- This site is optimized with the Yoast SEO plugin v21.1 - https:\/\/yoast.com\/wordpress\/plugins\/seo\/ -->\n<title>Qui\u00e9nes somos - Osona Programaci\u00f3<\/title>\n<meta name=\"robots\" content=\"index, follow, max-snippet:-1, max-image-preview:large, max-video-preview:-1\" \/>\n<link rel=\"canonical\" href=\"https:\/\/osonaprogramacio.com\/es\/quienes-somos\/\" \/>\n<meta property=\"og:locale\" content=\"es_ES\" \/>\n<meta property=\"og:type\" content=\"article\" \/>\n<meta property=\"og:title\" content=\"Qui\u00e9nes somos - Osona Programaci\u00f3\" \/>\n<meta property=\"og:description\" content=\"Osprog somos un equipo global dedicados a la creaci\u00f3n de programas espec\u00edficos para el sector industrial\" \/>\n<meta property=\"og:url\" content=\"https:\/\/osonaprogramacio.com\/es\/quienes-somos\/\" \/>\n<meta property=\"og:site_name\" content=\"Osona Programaci\u00f3\" \/>\n<meta property=\"article:publisher\" content=\"https:\/\/www.facebook.com\/OsonaProgramacio\/\" \/>\n<meta property=\"article:modified_time\" content=\"2019-07-02T12:27:56+00:00\" \/>\n<meta property=\"og:image\" content=\"https:\/\/osonaprogramacio.com\/wp-osprog\/wp-content\/uploads\/2017\/01\/qui-som.jpg\" \/>\n\t<meta property=\"og:image:width\" content=\"1900\" \/>\n\t<meta property=\"og:image:height\" content=\"451\" \/>\n\t<meta property=\"og:image:type\" content=\"image\/jpeg\" \/>\n<meta name=\"twitter:card\" content=\"summary_large_image\" \/>\n<meta name=\"twitter:site\" content=\"@osonaprog\" \/>\n<script type=\"application\/ld+json\" class=\"yoast-schema-graph\">{\"@context\":\"https:\/\/schema.org\",\"@graph\":[{\"@type\":\"WebPage\",\"@id\":\"https:\/\/osonaprogramacio.com\/es\/quienes-somos\/\",\"url\":\"https:\/\/osonaprogramacio.com\/es\/quienes-somos\/\",\"name\":\"Qui\u00e9nes somos - Osona Programaci\u00f3\",\"isPartOf\":{\"@id\":\"https:\/\/osonaprogramacio.com\/es\/#website\"},\"datePublished\":\"2017-02-28T16:36:04+00:00\",\"dateModified\":\"2019-07-02T12:27:56+00:00\",\"breadcrumb\":{\"@id\":\"https:\/\/osonaprogramacio.com\/es\/quienes-somos\/#breadcrumb\"},\"inLanguage\":\"es\",\"potentialAction\":[{\"@type\":\"ReadAction\",\"target\":[\"https:\/\/osonaprogramacio.com\/es\/quienes-somos\/\"]}]},{\"@type\":\"BreadcrumbList\",\"@id\":\"https:\/\/osonaprogramacio.com\/es\/quienes-somos\/#breadcrumb\",\"itemListElement\":[{\"@type\":\"ListItem\",\"position\":1,\"name\":\"Inici\",\"item\":\"https:\/\/osonaprogramacio.com\/es\/\"},{\"@type\":\"ListItem\",\"position\":2,\"name\":\"Qui\u00e9nes somos\"}]},{\"@type\":\"WebSite\",\"@id\":\"https:\/\/osonaprogramacio.com\/es\/#website\",\"url\":\"https:\/\/osonaprogramacio.com\/es\/\",\"name\":\"Osona Programaci\u00f3\",\"description\":\"Som el teu nou soci tecnol\u00f2gic\",\"publisher\":{\"@id\":\"https:\/\/osonaprogramacio.com\/es\/#organization\"},\"potentialAction\":[{\"@type\":\"SearchAction\",\"target\":{\"@type\":\"EntryPoint\",\"urlTemplate\":\"https:\/\/osonaprogramacio.com\/es\/?s={search_term_string}\"},\"query-input\":\"required name=search_term_string\"}],\"inLanguage\":\"es\"},{\"@type\":\"Organization\",\"@id\":\"https:\/\/osonaprogramacio.com\/es\/#organization\",\"name\":\"Osona Programaci\u00f3\",\"url\":\"https:\/\/osonaprogramacio.com\/es\/\",\"logo\":{\"@type\":\"ImageObject\",\"inLanguage\":\"es\",\"@id\":\"https:\/\/osonaprogramacio.com\/es\/#\/schema\/logo\/image\/\",\"url\":\"https:\/\/osonaprogramacio.com\/wp-osprog\/wp-content\/uploads\/2017\/02\/logo-osprog.png\",\"contentUrl\":\"https:\/\/osonaprogramacio.com\/wp-osprog\/wp-content\/uploads\/2017\/02\/logo-osprog.png\",\"width\":220,\"height\":70,\"caption\":\"Osona Programaci\u00f3\"},\"image\":{\"@id\":\"https:\/\/osonaprogramacio.com\/es\/#\/schema\/logo\/image\/\"},\"sameAs\":[\"https:\/\/www.facebook.com\/OsonaProgramacio\/\",\"https:\/\/twitter.com\/osonaprog\"]}]}<\/script>\n<!-- \/ Yoast SEO plugin. -->","yoast_head_json":{"title":"Qui\u00e9nes somos - Osona Programaci\u00f3","robots":{"index":"index","follow":"follow","max-snippet":"max-snippet:-1","max-image-preview":"max-image-preview:large","max-video-preview":"max-video-preview:-1"},"canonical":"https:\/\/osonaprogramacio.com\/es\/quienes-somos\/","og_locale":"es_ES","og_type":"article","og_title":"Qui\u00e9nes somos - Osona Programaci\u00f3","og_description":"Osprog somos un equipo global dedicados a la creaci\u00f3n de programas espec\u00edficos para el sector industrial","og_url":"https:\/\/osonaprogramacio.com\/es\/quienes-somos\/","og_site_name":"Osona Programaci\u00f3","article_publisher":"https:\/\/www.facebook.com\/OsonaProgramacio\/","article_modified_time":"2019-07-02T12:27:56+00:00","og_image":[{"width":1900,"height":451,"url":"https:\/\/osonaprogramacio.com\/wp-osprog\/wp-content\/uploads\/2017\/01\/qui-som.jpg","type":"image\/jpeg"}],"twitter_card":"summary_large_image","twitter_site":"@osonaprog","schema":{"@context":"https:\/\/schema.org","@graph":[{"@type":"WebPage","@id":"https:\/\/osonaprogramacio.com\/es\/quienes-somos\/","url":"https:\/\/osonaprogramacio.com\/es\/quienes-somos\/","name":"Qui\u00e9nes somos - Osona Programaci\u00f3","isPartOf":{"@id":"https:\/\/osonaprogramacio.com\/es\/#website"},"datePublished":"2017-02-28T16:36:04+00:00","dateModified":"2019-07-02T12:27:56+00:00","breadcrumb":{"@id":"https:\/\/osonaprogramacio.com\/es\/quienes-somos\/#breadcrumb"},"inLanguage":"es","potentialAction":[{"@type":"ReadAction","target":["https:\/\/osonaprogramacio.com\/es\/quienes-somos\/"]}]},{"@type":"BreadcrumbList","@id":"https:\/\/osonaprogramacio.com\/es\/quienes-somos\/#breadcrumb","itemListElement":[{"@type":"ListItem","position":1,"name":"Inici","item":"https:\/\/osonaprogramacio.com\/es\/"},{"@type":"ListItem","position":2,"name":"Qui\u00e9nes somos"}]},{"@type":"WebSite","@id":"https:\/\/osonaprogramacio.com\/es\/#website","url":"https:\/\/osonaprogramacio.com\/es\/","name":"Osona Programaci\u00f3","description":"Som el teu nou soci tecnol\u00f2gic","publisher":{"@id":"https:\/\/osonaprogramacio.com\/es\/#organization"},"potentialAction":[{"@type":"SearchAction","target":{"@type":"EntryPoint","urlTemplate":"https:\/\/osonaprogramacio.com\/es\/?s={search_term_string}"},"query-input":"required name=search_term_string"}],"inLanguage":"es"},{"@type":"Organization","@id":"https:\/\/osonaprogramacio.com\/es\/#organization","name":"Osona Programaci\u00f3","url":"https:\/\/osonaprogramacio.com\/es\/","logo":{"@type":"ImageObject","inLanguage":"es","@id":"https:\/\/osonaprogramacio.com\/es\/#\/schema\/logo\/image\/","url":"https:\/\/osonaprogramacio.com\/wp-osprog\/wp-content\/uploads\/2017\/02\/logo-osprog.png","contentUrl":"https:\/\/osonaprogramacio.com\/wp-osprog\/wp-content\/uploads\/2017\/02\/logo-osprog.png","width":220,"height":70,"caption":"Osona Programaci\u00f3"},"image":{"@id":"https:\/\/osonaprogramacio.com\/es\/#\/schema\/logo\/image\/"},"sameAs":["https:\/\/www.facebook.com\/OsonaProgramacio\/","https:\/\/twitter.com\/osonaprog"]}]}},"_links":{"self":[{"href":"https:\/\/osonaprogramacio.com\/es\/wp-json\/wp\/v2\/pages\/206"}],"collection":[{"href":"https:\/\/osonaprogramacio.com\/es\/wp-json\/wp\/v2\/pages"}],"about":[{"href":"https:\/\/osonaprogramacio.com\/es\/wp-json\/wp\/v2\/types\/page"}],"author":[{"embeddable":true,"href":"https:\/\/osonaprogramacio.com\/es\/wp-json\/wp\/v2\/users\/1"}],"replies":[{"embeddable":true,"href":"https:\/\/osonaprogramacio.com\/es\/wp-json\/wp\/v2\/comments?post=206"}],"version-history":[{"count":0,"href":"https:\/\/osonaprogramacio.com\/es\/wp-json\/wp\/v2\/pages\/206\/revisions"}],"wp:featuredmedia":[{"embeddable":true,"href":"https:\/\/osonaprogramacio.com\/es\/wp-json\/wp\/v2\/media\/248"}],"wp:attachment":[{"href":"https:\/\/osonaprogramacio.com\/es\/wp-json\/wp\/v2\/media?parent=206"}],"curies":[{"name":"wp","href":"https:\/\/api.w.org\/{rel}","templated":true}]}}