{"id":399,"date":"2017-02-09T17:52:07","date_gmt":"2017-02-09T16:52:07","guid":{"rendered":"http:\/\/osonaprogramacio.com\/wp-osprog\/politica-de-cookies\/"},"modified":"2017-03-12T11:52:14","modified_gmt":"2017-03-12T10:52:14","slug":"politica-de-cookies","status":"publish","type":"page","link":"https:\/\/osonaprogramacio.com\/es\/politica-de-cookies\/","title":{"rendered":"Pol\u00edtica de cookies"},"content":{"rendered":"<p>\n\tUna <strong>cookie<\/strong> \u00e9s un petit arxiu de text que s&#8217;emmagatzema a l&#8217;ordinador o dispositiu m\u00f2bil i que \u00e9s generat per les p\u00e0gines web visitades, el qual cont\u00e9 les dades de sessi\u00f3 que poden ser d&#8217;utilitat m\u00e9s endavant en el lloc web. D&#8217;aquesta forma aquest lloc web pot recordar informaci\u00f3 sobre la teva navegaci\u00f3 pel lloc, cosa que pot facilitar la teva propera visita i fer que el lloc web et resulti m\u00e9s \u00fatil. Les galetes permeten al lloc web recordar prefer\u00e8ncies de navegaci\u00f3 i navegar de manera eficient. Les galetes fan la interacci\u00f3 entre l&#8217;usuari i el lloc web m\u00e9s r\u00e0pida i f\u00e0cil. Tan sols el lloc web que serveix les p\u00e0gines web visitades ser\u00e0 capa\u00e7 de recuperar o llegir el contingut de la galeta.<br \/>\nPer a con\u00e8ixer m\u00e9s sobre les galetes podeu visitar el seg\u00fcent <a href=\"https:\/\/ca.wikipedia.org\/wiki\/Galeta_%28inform%C3%A0tica%29\">enlla\u00e7.<\/a>\n<\/p>\n<h2>Com funcionen les galetes?<\/h2>\n<p>\n\tLes galetes nom\u00e9s poden emmagatzemar text, que en general, sempre \u00e9s an\u00f2nim i xifrat. No s&#8217;emmagatzema informaci\u00f3 personal en una galeta, per la qual cosa no \u00e9s possible identificar a una persona concreta.<\/p>\n<p>Les dades emmagatzemades en les galetes permeten que el lloc web pugui mantenir certa informaci\u00f3 activa entre les p\u00e0gines navegades, com per exemple l&#8217;idioma escollit en el web, i tamb\u00e9 per analitzar la teva forma d&#8217;interactuar amb el lloc web.<\/p>\n<p>Les cookies s\u00f3n segures, ja que nom\u00e9s poden emmagatzemar la informaci\u00f3 subministrada pel teu propi navegador, aix\u00ed com informaci\u00f3 que l&#8217;usuari ha introdu\u00eft en el navegador o la que s&#8217;inclou en la sol\u00b7licitud de p\u00e0gina. La galeta no pot executar codi i no pot ser utilitzada per accedir al teu ordinador. Si una p\u00e0gina web xifra la informaci\u00f3 de la galeta, nom\u00e9s la p\u00e0gina web pot llegir aquesta informaci\u00f3.<\/p>\n<h2>Quins tipus de galetes utilitzem?<\/h2>\n<p>Les galetes que utilitza aquesta p\u00e0gina web es poden distingir segons els seg\u00fcents criteris:<\/p>\n<p><b>1. Tipus de galetes segons l&#8217;entitat que les gestiona<\/b>. Segons quina sigui l&#8217;entitat que gestioni l&#8217;equip o domini des d&#8217;on s&#8217;envien les galetes i tracti les dades que s&#8217;obtinguin, podem distingir:<\/p>\n<p>&#8226; <b>Galetes pr\u00f2pies<\/b>. S\u00f3n aquelles que s&#8217;envien a l&#8217;equip de l&#8217;usuari des d&#8217;un equip o domini gestionat pel mateix editor i des del qual es presta el servei sol\u00b7licitat per l&#8217;usuari.<\/p>\n<p>&#8226; <b>Galetes de tercers<\/b>. S\u00f3n les que s&#8217;envien a l&#8217;equip de l&#8217;usuari des d&#8217;un equip o domini que no \u00e9s gestionat per l&#8217;editor, sin\u00f3 per una altra entitat que tracta les dades obtingudes mitjan\u00e7ant les cookies.<\/p>\n<p><b>2. Tipus de galetes segons el termini de temps que romanen activades<\/b>. Segons el temps que romanen activades en l&#8217;ordinador o dispositiu de l&#8217;usuari podem distingir:<\/p>\n<p>&#8226; <b>Galetes de sessi\u00f3<\/b>. S\u00f3n un tipus de galetes dissenyades per demanar i emmagatzemar dades mentre l&#8217;usuari accedeix a una p\u00e0gina web. Se solen emprar per emmagatzemar informaci\u00f3 que nom\u00e9s interessa conservar per a la prestaci\u00f3 del servei sol\u00b7licitat per l&#8217;usuari en una sola ocasi\u00f3 (p.e. una llista de productes adquirits).<\/p>\n<p>&#8226; <b>Galetes persistents<\/b>. S\u00f3n aquelles en qu\u00e8 les dades segueixen emmagatzemats en el terminal i poden ser accedits i tractats durant un per\u00edode definit pel responsable de la galeta, i que pot anar d&#8217;uns minuts a diversos anys.<\/p>\n<p><b>3. Tipus de galetes segons la seva finalitat<\/b>. Segons la finalitat per a la qual es tractin les dades obtingudes a trav\u00e9s de les galetes, podem distingir entre:<\/p>\n<p>&#8226; <b>Galetes t\u00e8cniques<\/b>. S\u00f3n aquelles que permeten a l&#8217;usuari la navegaci\u00f3 a trav\u00e9s d&#8217;una p\u00e0gina web, plataforma o aplicaci\u00f3 i la utilitzaci\u00f3 de les diferents opcions o serveis que en ella hi hagi com, per exemple, controlar el tr\u00e0nsit i la comunicaci\u00f3 de dades, identificar la sessi\u00f3, accedir a parts d&#8217;acc\u00e9s restringit, recordar els elements que integren una comanda, realitzar el proc\u00e9s de compra d&#8217;una comanda, fer la sol\u00b7licitud d&#8217;inscripci\u00f3 o participaci\u00f3 en un esdeveniment, utilitzar elements de seguretat durant la navegaci\u00f3, emmagatzemar continguts per a la difusi\u00f3 de v\u00eddeos o so o compartir continguts a trav\u00e9s de xarxes socials.<\/p>\n<p>&#8226; <b>Galetes de personalitzaci\u00f3<\/b>. Permeten a l&#8217;usuari accedir al servei amb algunes caracter\u00edstiques de car\u00e0cter general predefinides en funci\u00f3 d&#8217;una s\u00e8rie de criteris en el terminal de l&#8217;usuari com ara serien l&#8217;idioma, el tipus de navegador mitjan\u00e7ant el qual accedeix al servei, la configuraci\u00f3 regional des d&#8217;on s&#8217;accedeix al servei, etc.<\/p>\n<p>&#8226; <b>Galetes d&#8217;an\u00e0lisi<\/b>. S\u00f3n aquelles que permeten al responsable de les mateixes, el seguiment i an\u00e0lisi del comportament dels usuaris dels llocs web als quals estan vinculades. La informaci\u00f3 recollida mitjan\u00e7ant aquest tipus de galetes s&#8217;utilitza en el mesurament de l&#8217;activitat dels llocs web, aplicaci\u00f3 o plataforma i per a l&#8217;elaboraci\u00f3 de perfils de navegaci\u00f3 dels usuaris d&#8217;aquests llocs, aplicacions i plataformes, per tal d&#8217;introduir millores en funci\u00f3 de l&#8217;an\u00e0lisi de les dades d&#8217;\u00fas que fan els usuaris del servei.<\/p>\n<h2>Eina de gesti\u00f3 de les galetes<\/h2>\n<p>El lloc web <span class=\"tx1\">Viatgeaddictes.com<\/span> utilitza cookies de tercers, com les de <span class=\"tx3\">AddThis<\/span> (giny de Social Media), <span class=\"tx3\">DoubleClick<\/span> (publicitat en l\u00ednia), <span class=\"tx3\">Google Adsense<\/span> (publicitat en l\u00ednia), <span class=\"tx3\">Google Analytics<\/span> (eina anal\u00edtica) i <span class=\"tx3\">Google+<\/span> (giny de Social Media).<\/p>\n<p>Avui dia tots els navegadors web permeten limitar el comportament d&#8217;una galeta o desactivar les galetes dins de la configuraci\u00f3 o les opcions del navegador. Els passos per a fer-ho s\u00f3n diferents per a cada navegador i es poden trobar instruccions al seu men\u00fa d&#8217;ajuda.<\/p>\n<p>Si no acceptes l&#8217;\u00fas de les galetes, cosa que \u00e9s possible gr\u00e0cies als men\u00fas de prefer\u00e8ncies o ajustos del propi navegador, aquest lloc web seguir\u00e0 funcionant adequadament sense l&#8217;\u00fas de les mateixes.<\/p>\n<p>Pots permetre, bloquejar o eliminar les galetes instal\u00b7lades en el teu equip mitjan\u00e7ant la configuraci\u00f3 de les opcions del navegador instal\u00b7lat al teu ordinador:<\/p>\n<p>&#8226; Per a m\u00e9s informaci\u00f3 sobre les galetes a <b>Internet Explorer<\/b>: <a rel=\"nofollow\" href=\"http:\/\/windows.microsoft.com\/es-es\/windows7\/how-to-manage-cookies-in-internet-explorer-9\">Com administrar galetes a l&#8217;Internet Explorer 9<\/a>.<\/p>\n<p>&#8226; Per a m\u00e9s informaci\u00f3 sobre les galetes a <b>Google Chrome<\/b>: <a rel=\"nofollow\" href=\"https:\/\/support.google.com\/chrome\/answer\/95647?hl=es\">Esborrar, habilitar i administrar galetes a Chrome<\/a>.<\/p>\n<p>&#8226; Per a m\u00e9s informaci\u00f3 sobre les galetes a <b>Safari<\/b>: <a rel=\"nofollow\" href=\"http:\/\/support.apple.com\/kb\/HT1677?viewlocale=es_ES&#038;locale=es_ES\">Configuraci\u00f3 web de Safari<\/a>.<\/p>\n<p>&#8226; Per a m\u00e9s informaci\u00f3 sobre les galetes al <b>Firefox<\/b>: <a rel=\"nofollow\" href = \"http:\/\/support.mozilla.org\/es\/kb\/habilitar-y-deshabilitar-cookies-que-los -sitios-we \">Habilitar i desactivar galetes en llocs web<\/a>.<\/p>\n<p>A trav\u00e9s del teu navegador tamb\u00e9 pots veure les galetes que estan al teu ordinador, i esborrar-les segons creguis convenient. A m\u00e9s, com que les galetes s\u00f3n fitxers de text, \u00e9s possible obrir el fitxer amb un editor de text i llegir el seu contingut. Les dades dins d&#8217;elles gaireb\u00e9 sempre estan xifrades amb una clau num\u00e8rica que correspon a una sessi\u00f3 a Internet, per la qual cosa moltes vegades nom\u00e9s t\u00e9 sentit dins de la p\u00e0gina web que la va escriure.<\/p>\n<h2>Consentiment informat<\/h2>\n<p>La utilitzaci\u00f3 del present lloc web per part teva, implica que prestes el teu consentiment expr\u00e9s i inequ\u00edvoc a la utilitzaci\u00f3 de galetes, en els termes i condicions previstos en aquesta <span class=\"tx3\">Pol\u00edtica de Galetes<\/span>, sense perjudici de les mesures de desactivaci\u00f3 i eliminaci\u00f3 de les galetes que puguis adoptar, i que s&#8217;esmenten en l&#8217;apartat anterior.<\/p>\n","protected":false},"excerpt":{"rendered":"Una cookie \u00e9s un petit arxiu de text que s&#8217;emmagatzema a l&#8217;ordinador o dispositiu m\u00f2bil i que \u00e9s generat per les p\u00e0gines web visitades, el qual cont\u00e9 les dades de sessi\u00f3 que poden ser d&#8217;utilitat m\u00e9s endavant en el lloc web. D&#8217;aquesta forma aquest lloc web pot recordar informaci\u00f3 sobre la teva navegaci\u00f3 pel lloc,&#8230; ","protected":false},"author":1,"featured_media":0,"parent":0,"menu_order":0,"comment_status":"closed","ping_status":"closed","template":"","meta":[],"acf":[],"yoast_head":"<!-- This site is optimized with the Yoast SEO plugin v21.1 - https:\/\/yoast.com\/wordpress\/plugins\/seo\/ -->\n<title>Pol\u00edtica de cookies - Osona Programaci\u00f3<\/title>\n<meta name=\"robots\" content=\"index, follow, max-snippet:-1, max-image-preview:large, max-video-preview:-1\" \/>\n<link rel=\"canonical\" href=\"https:\/\/osonaprogramacio.com\/es\/politica-de-cookies\/\" \/>\n<meta property=\"og:locale\" content=\"es_ES\" \/>\n<meta property=\"og:type\" content=\"article\" \/>\n<meta property=\"og:title\" content=\"Pol\u00edtica de cookies - Osona Programaci\u00f3\" \/>\n<meta property=\"og:description\" content=\"Una cookie \u00e9s un petit arxiu de text que s&#8217;emmagatzema a l&#8217;ordinador o dispositiu m\u00f2bil i que \u00e9s generat per les p\u00e0gines web visitades, el qual cont\u00e9 les dades de sessi\u00f3 que poden ser d&#8217;utilitat m\u00e9s endavant en el lloc web. D&#8217;aquesta forma aquest lloc web pot recordar informaci\u00f3 sobre la teva navegaci\u00f3 pel lloc,...\" \/>\n<meta property=\"og:url\" content=\"https:\/\/osonaprogramacio.com\/es\/politica-de-cookies\/\" \/>\n<meta property=\"og:site_name\" content=\"Osona Programaci\u00f3\" \/>\n<meta property=\"article:publisher\" content=\"https:\/\/www.facebook.com\/OsonaProgramacio\/\" \/>\n<meta property=\"article:modified_time\" content=\"2017-03-12T10:52:14+00:00\" \/>\n<meta property=\"og:image\" content=\"https:\/\/osonaprogramacio.com\/wp-osprog\/wp-content\/uploads\/2017\/02\/logo-osprog-xxss.png\" \/>\n\t<meta property=\"og:image:width\" content=\"250\" \/>\n\t<meta property=\"og:image:height\" content=\"250\" \/>\n\t<meta property=\"og:image:type\" content=\"image\/png\" \/>\n<meta name=\"twitter:card\" content=\"summary_large_image\" \/>\n<meta name=\"twitter:site\" content=\"@osonaprog\" \/>\n<meta name=\"twitter:label1\" content=\"Tiempo de lectura\" \/>\n\t<meta name=\"twitter:data1\" content=\"6 minutos\" \/>\n<script type=\"application\/ld+json\" class=\"yoast-schema-graph\">{\"@context\":\"https:\/\/schema.org\",\"@graph\":[{\"@type\":\"WebPage\",\"@id\":\"https:\/\/osonaprogramacio.com\/es\/politica-de-cookies\/\",\"url\":\"https:\/\/osonaprogramacio.com\/es\/politica-de-cookies\/\",\"name\":\"Pol\u00edtica de cookies - Osona Programaci\u00f3\",\"isPartOf\":{\"@id\":\"https:\/\/osonaprogramacio.com\/es\/#website\"},\"datePublished\":\"2017-02-09T16:52:07+00:00\",\"dateModified\":\"2017-03-12T10:52:14+00:00\",\"breadcrumb\":{\"@id\":\"https:\/\/osonaprogramacio.com\/es\/politica-de-cookies\/#breadcrumb\"},\"inLanguage\":\"es\",\"potentialAction\":[{\"@type\":\"ReadAction\",\"target\":[\"https:\/\/osonaprogramacio.com\/es\/politica-de-cookies\/\"]}]},{\"@type\":\"BreadcrumbList\",\"@id\":\"https:\/\/osonaprogramacio.com\/es\/politica-de-cookies\/#breadcrumb\",\"itemListElement\":[{\"@type\":\"ListItem\",\"position\":1,\"name\":\"Inici\",\"item\":\"https:\/\/osonaprogramacio.com\/es\/\"},{\"@type\":\"ListItem\",\"position\":2,\"name\":\"Pol\u00edtica de cookies\"}]},{\"@type\":\"WebSite\",\"@id\":\"https:\/\/osonaprogramacio.com\/es\/#website\",\"url\":\"https:\/\/osonaprogramacio.com\/es\/\",\"name\":\"Osona Programaci\u00f3\",\"description\":\"Som el teu nou soci tecnol\u00f2gic\",\"publisher\":{\"@id\":\"https:\/\/osonaprogramacio.com\/es\/#organization\"},\"potentialAction\":[{\"@type\":\"SearchAction\",\"target\":{\"@type\":\"EntryPoint\",\"urlTemplate\":\"https:\/\/osonaprogramacio.com\/es\/?s={search_term_string}\"},\"query-input\":\"required name=search_term_string\"}],\"inLanguage\":\"es\"},{\"@type\":\"Organization\",\"@id\":\"https:\/\/osonaprogramacio.com\/es\/#organization\",\"name\":\"Osona Programaci\u00f3\",\"url\":\"https:\/\/osonaprogramacio.com\/es\/\",\"logo\":{\"@type\":\"ImageObject\",\"inLanguage\":\"es\",\"@id\":\"https:\/\/osonaprogramacio.com\/es\/#\/schema\/logo\/image\/\",\"url\":\"https:\/\/osonaprogramacio.com\/wp-osprog\/wp-content\/uploads\/2017\/02\/logo-osprog.png\",\"contentUrl\":\"https:\/\/osonaprogramacio.com\/wp-osprog\/wp-content\/uploads\/2017\/02\/logo-osprog.png\",\"width\":220,\"height\":70,\"caption\":\"Osona Programaci\u00f3\"},\"image\":{\"@id\":\"https:\/\/osonaprogramacio.com\/es\/#\/schema\/logo\/image\/\"},\"sameAs\":[\"https:\/\/www.facebook.com\/OsonaProgramacio\/\",\"https:\/\/twitter.com\/osonaprog\"]}]}<\/script>\n<!-- \/ Yoast SEO plugin. -->","yoast_head_json":{"title":"Pol\u00edtica de cookies - Osona Programaci\u00f3","robots":{"index":"index","follow":"follow","max-snippet":"max-snippet:-1","max-image-preview":"max-image-preview:large","max-video-preview":"max-video-preview:-1"},"canonical":"https:\/\/osonaprogramacio.com\/es\/politica-de-cookies\/","og_locale":"es_ES","og_type":"article","og_title":"Pol\u00edtica de cookies - Osona Programaci\u00f3","og_description":"Una cookie \u00e9s un petit arxiu de text que s&#8217;emmagatzema a l&#8217;ordinador o dispositiu m\u00f2bil i que \u00e9s generat per les p\u00e0gines web visitades, el qual cont\u00e9 les dades de sessi\u00f3 que poden ser d&#8217;utilitat m\u00e9s endavant en el lloc web. D&#8217;aquesta forma aquest lloc web pot recordar informaci\u00f3 sobre la teva navegaci\u00f3 pel lloc,...","og_url":"https:\/\/osonaprogramacio.com\/es\/politica-de-cookies\/","og_site_name":"Osona Programaci\u00f3","article_publisher":"https:\/\/www.facebook.com\/OsonaProgramacio\/","article_modified_time":"2017-03-12T10:52:14+00:00","og_image":[{"width":250,"height":250,"url":"https:\/\/osonaprogramacio.com\/wp-osprog\/wp-content\/uploads\/2017\/02\/logo-osprog-xxss.png","type":"image\/png"}],"twitter_card":"summary_large_image","twitter_site":"@osonaprog","twitter_misc":{"Tiempo de lectura":"6 minutos"},"schema":{"@context":"https:\/\/schema.org","@graph":[{"@type":"WebPage","@id":"https:\/\/osonaprogramacio.com\/es\/politica-de-cookies\/","url":"https:\/\/osonaprogramacio.com\/es\/politica-de-cookies\/","name":"Pol\u00edtica de cookies - Osona Programaci\u00f3","isPartOf":{"@id":"https:\/\/osonaprogramacio.com\/es\/#website"},"datePublished":"2017-02-09T16:52:07+00:00","dateModified":"2017-03-12T10:52:14+00:00","breadcrumb":{"@id":"https:\/\/osonaprogramacio.com\/es\/politica-de-cookies\/#breadcrumb"},"inLanguage":"es","potentialAction":[{"@type":"ReadAction","target":["https:\/\/osonaprogramacio.com\/es\/politica-de-cookies\/"]}]},{"@type":"BreadcrumbList","@id":"https:\/\/osonaprogramacio.com\/es\/politica-de-cookies\/#breadcrumb","itemListElement":[{"@type":"ListItem","position":1,"name":"Inici","item":"https:\/\/osonaprogramacio.com\/es\/"},{"@type":"ListItem","position":2,"name":"Pol\u00edtica de cookies"}]},{"@type":"WebSite","@id":"https:\/\/osonaprogramacio.com\/es\/#website","url":"https:\/\/osonaprogramacio.com\/es\/","name":"Osona Programaci\u00f3","description":"Som el teu nou soci tecnol\u00f2gic","publisher":{"@id":"https:\/\/osonaprogramacio.com\/es\/#organization"},"potentialAction":[{"@type":"SearchAction","target":{"@type":"EntryPoint","urlTemplate":"https:\/\/osonaprogramacio.com\/es\/?s={search_term_string}"},"query-input":"required name=search_term_string"}],"inLanguage":"es"},{"@type":"Organization","@id":"https:\/\/osonaprogramacio.com\/es\/#organization","name":"Osona Programaci\u00f3","url":"https:\/\/osonaprogramacio.com\/es\/","logo":{"@type":"ImageObject","inLanguage":"es","@id":"https:\/\/osonaprogramacio.com\/es\/#\/schema\/logo\/image\/","url":"https:\/\/osonaprogramacio.com\/wp-osprog\/wp-content\/uploads\/2017\/02\/logo-osprog.png","contentUrl":"https:\/\/osonaprogramacio.com\/wp-osprog\/wp-content\/uploads\/2017\/02\/logo-osprog.png","width":220,"height":70,"caption":"Osona Programaci\u00f3"},"image":{"@id":"https:\/\/osonaprogramacio.com\/es\/#\/schema\/logo\/image\/"},"sameAs":["https:\/\/www.facebook.com\/OsonaProgramacio\/","https:\/\/twitter.com\/osonaprog"]}]}},"_links":{"self":[{"href":"https:\/\/osonaprogramacio.com\/es\/wp-json\/wp\/v2\/pages\/399"}],"collection":[{"href":"https:\/\/osonaprogramacio.com\/es\/wp-json\/wp\/v2\/pages"}],"about":[{"href":"https:\/\/osonaprogramacio.com\/es\/wp-json\/wp\/v2\/types\/page"}],"author":[{"embeddable":true,"href":"https:\/\/osonaprogramacio.com\/es\/wp-json\/wp\/v2\/users\/1"}],"replies":[{"embeddable":true,"href":"https:\/\/osonaprogramacio.com\/es\/wp-json\/wp\/v2\/comments?post=399"}],"version-history":[{"count":0,"href":"https:\/\/osonaprogramacio.com\/es\/wp-json\/wp\/v2\/pages\/399\/revisions"}],"wp:attachment":[{"href":"https:\/\/osonaprogramacio.com\/es\/wp-json\/wp\/v2\/media?parent=399"}],"curies":[{"name":"wp","href":"https:\/\/api.w.org\/{rel}","templated":true}]}}