{"id":640,"date":"2021-04-15T23:55:32","date_gmt":"2021-04-15T22:55:32","guid":{"rendered":"https:\/\/osonaprogramacio.com\/software-lean-manufacturing\/"},"modified":"2021-11-15T10:59:44","modified_gmt":"2021-11-15T09:59:44","slug":"software-lean-manufacturing","status":"publish","type":"page","link":"https:\/\/osonaprogramacio.com\/es\/software-lean-manufacturing\/","title":{"rendered":"Software para Lean Manufacturing"},"content":{"rendered":"\n<p>En Osprog llevamos a\u00f1os desarrollando software para departamentos Lean del mundo de la automoci\u00f3n y \u00faltimamente en otros sectores como el de la alimentaci\u00f3n.<\/p>\n","protected":false},"excerpt":{"rendered":"En Osprog llevamos a\u00f1os desarrollando software para departamentos Lean del mundo de la automoci\u00f3n y \u00faltimamente en otros sectores como el de la alimentaci\u00f3n.","protected":false},"author":1,"featured_media":1125,"parent":0,"menu_order":0,"comment_status":"closed","ping_status":"closed","template":"page-lean.php","meta":[],"acf":[],"yoast_head":"<!-- This site is optimized with the Yoast SEO plugin v21.1 - https:\/\/yoast.com\/wordpress\/plugins\/seo\/ -->\n<title>Software para Lean Manufacturing - Osona Programaci\u00f3<\/title>\n<meta name=\"robots\" content=\"index, follow, max-snippet:-1, max-image-preview:large, max-video-preview:-1\" \/>\n<link rel=\"canonical\" href=\"https:\/\/osonaprogramacio.com\/es\/software-lean-manufacturing\/\" \/>\n<meta property=\"og:locale\" content=\"es_ES\" \/>\n<meta property=\"og:type\" content=\"article\" \/>\n<meta property=\"og:title\" content=\"Software para Lean Manufacturing - Osona Programaci\u00f3\" \/>\n<meta property=\"og:description\" content=\"En Osprog llevamos a\u00f1os desarrollando software para departamentos Lean del mundo de la automoci\u00f3n y \u00faltimamente en otros sectores como el de la alimentaci\u00f3n.\" \/>\n<meta property=\"og:url\" content=\"https:\/\/osonaprogramacio.com\/es\/software-lean-manufacturing\/\" \/>\n<meta property=\"og:site_name\" content=\"Osona Programaci\u00f3\" \/>\n<meta property=\"article:publisher\" content=\"https:\/\/www.facebook.com\/OsonaProgramacio\/\" \/>\n<meta property=\"article:modified_time\" content=\"2021-11-15T09:59:44+00:00\" \/>\n<meta property=\"og:image\" content=\"https:\/\/osonaprogramacio.com\/wp-osprog\/wp-content\/uploads\/2021\/11\/1-slider_lean_landing-1-scaled.jpg\" \/>\n\t<meta property=\"og:image:width\" content=\"2560\" \/>\n\t<meta property=\"og:image:height\" content=\"735\" \/>\n\t<meta property=\"og:image:type\" content=\"image\/jpeg\" \/>\n<meta name=\"twitter:card\" content=\"summary_large_image\" \/>\n<meta name=\"twitter:site\" content=\"@osonaprog\" \/>\n<meta name=\"twitter:label1\" content=\"Tiempo de lectura\" \/>\n\t<meta name=\"twitter:data1\" content=\"1 minuto\" \/>\n<script type=\"application\/ld+json\" class=\"yoast-schema-graph\">{\"@context\":\"https:\/\/schema.org\",\"@graph\":[{\"@type\":\"WebPage\",\"@id\":\"https:\/\/osonaprogramacio.com\/es\/software-lean-manufacturing\/\",\"url\":\"https:\/\/osonaprogramacio.com\/es\/software-lean-manufacturing\/\",\"name\":\"Software para Lean Manufacturing - Osona Programaci\u00f3\",\"isPartOf\":{\"@id\":\"https:\/\/osonaprogramacio.com\/es\/#website\"},\"datePublished\":\"2021-04-15T22:55:32+00:00\",\"dateModified\":\"2021-11-15T09:59:44+00:00\",\"breadcrumb\":{\"@id\":\"https:\/\/osonaprogramacio.com\/es\/software-lean-manufacturing\/#breadcrumb\"},\"inLanguage\":\"es\",\"potentialAction\":[{\"@type\":\"ReadAction\",\"target\":[\"https:\/\/osonaprogramacio.com\/es\/software-lean-manufacturing\/\"]}]},{\"@type\":\"BreadcrumbList\",\"@id\":\"https:\/\/osonaprogramacio.com\/es\/software-lean-manufacturing\/#breadcrumb\",\"itemListElement\":[{\"@type\":\"ListItem\",\"position\":1,\"name\":\"Inici\",\"item\":\"https:\/\/osonaprogramacio.com\/es\/\"},{\"@type\":\"ListItem\",\"position\":2,\"name\":\"Software para Lean Manufacturing\"}]},{\"@type\":\"WebSite\",\"@id\":\"https:\/\/osonaprogramacio.com\/es\/#website\",\"url\":\"https:\/\/osonaprogramacio.com\/es\/\",\"name\":\"Osona Programaci\u00f3\",\"description\":\"Som el teu nou soci tecnol\u00f2gic\",\"publisher\":{\"@id\":\"https:\/\/osonaprogramacio.com\/es\/#organization\"},\"potentialAction\":[{\"@type\":\"SearchAction\",\"target\":{\"@type\":\"EntryPoint\",\"urlTemplate\":\"https:\/\/osonaprogramacio.com\/es\/?s={search_term_string}\"},\"query-input\":\"required name=search_term_string\"}],\"inLanguage\":\"es\"},{\"@type\":\"Organization\",\"@id\":\"https:\/\/osonaprogramacio.com\/es\/#organization\",\"name\":\"Osona Programaci\u00f3\",\"url\":\"https:\/\/osonaprogramacio.com\/es\/\",\"logo\":{\"@type\":\"ImageObject\",\"inLanguage\":\"es\",\"@id\":\"https:\/\/osonaprogramacio.com\/es\/#\/schema\/logo\/image\/\",\"url\":\"https:\/\/osonaprogramacio.com\/wp-osprog\/wp-content\/uploads\/2017\/02\/logo-osprog.png\",\"contentUrl\":\"https:\/\/osonaprogramacio.com\/wp-osprog\/wp-content\/uploads\/2017\/02\/logo-osprog.png\",\"width\":220,\"height\":70,\"caption\":\"Osona Programaci\u00f3\"},\"image\":{\"@id\":\"https:\/\/osonaprogramacio.com\/es\/#\/schema\/logo\/image\/\"},\"sameAs\":[\"https:\/\/www.facebook.com\/OsonaProgramacio\/\",\"https:\/\/twitter.com\/osonaprog\"]}]}<\/script>\n<!-- \/ Yoast SEO plugin. -->","yoast_head_json":{"title":"Software para Lean Manufacturing - Osona Programaci\u00f3","robots":{"index":"index","follow":"follow","max-snippet":"max-snippet:-1","max-image-preview":"max-image-preview:large","max-video-preview":"max-video-preview:-1"},"canonical":"https:\/\/osonaprogramacio.com\/es\/software-lean-manufacturing\/","og_locale":"es_ES","og_type":"article","og_title":"Software para Lean Manufacturing - Osona Programaci\u00f3","og_description":"En Osprog llevamos a\u00f1os desarrollando software para departamentos Lean del mundo de la automoci\u00f3n y \u00faltimamente en otros sectores como el de la alimentaci\u00f3n.","og_url":"https:\/\/osonaprogramacio.com\/es\/software-lean-manufacturing\/","og_site_name":"Osona Programaci\u00f3","article_publisher":"https:\/\/www.facebook.com\/OsonaProgramacio\/","article_modified_time":"2021-11-15T09:59:44+00:00","og_image":[{"width":2560,"height":735,"url":"https:\/\/osonaprogramacio.com\/wp-osprog\/wp-content\/uploads\/2021\/11\/1-slider_lean_landing-1-scaled.jpg","type":"image\/jpeg"}],"twitter_card":"summary_large_image","twitter_site":"@osonaprog","twitter_misc":{"Tiempo de lectura":"1 minuto"},"schema":{"@context":"https:\/\/schema.org","@graph":[{"@type":"WebPage","@id":"https:\/\/osonaprogramacio.com\/es\/software-lean-manufacturing\/","url":"https:\/\/osonaprogramacio.com\/es\/software-lean-manufacturing\/","name":"Software para Lean Manufacturing - Osona Programaci\u00f3","isPartOf":{"@id":"https:\/\/osonaprogramacio.com\/es\/#website"},"datePublished":"2021-04-15T22:55:32+00:00","dateModified":"2021-11-15T09:59:44+00:00","breadcrumb":{"@id":"https:\/\/osonaprogramacio.com\/es\/software-lean-manufacturing\/#breadcrumb"},"inLanguage":"es","potentialAction":[{"@type":"ReadAction","target":["https:\/\/osonaprogramacio.com\/es\/software-lean-manufacturing\/"]}]},{"@type":"BreadcrumbList","@id":"https:\/\/osonaprogramacio.com\/es\/software-lean-manufacturing\/#breadcrumb","itemListElement":[{"@type":"ListItem","position":1,"name":"Inici","item":"https:\/\/osonaprogramacio.com\/es\/"},{"@type":"ListItem","position":2,"name":"Software para Lean Manufacturing"}]},{"@type":"WebSite","@id":"https:\/\/osonaprogramacio.com\/es\/#website","url":"https:\/\/osonaprogramacio.com\/es\/","name":"Osona Programaci\u00f3","description":"Som el teu nou soci tecnol\u00f2gic","publisher":{"@id":"https:\/\/osonaprogramacio.com\/es\/#organization"},"potentialAction":[{"@type":"SearchAction","target":{"@type":"EntryPoint","urlTemplate":"https:\/\/osonaprogramacio.com\/es\/?s={search_term_string}"},"query-input":"required name=search_term_string"}],"inLanguage":"es"},{"@type":"Organization","@id":"https:\/\/osonaprogramacio.com\/es\/#organization","name":"Osona Programaci\u00f3","url":"https:\/\/osonaprogramacio.com\/es\/","logo":{"@type":"ImageObject","inLanguage":"es","@id":"https:\/\/osonaprogramacio.com\/es\/#\/schema\/logo\/image\/","url":"https:\/\/osonaprogramacio.com\/wp-osprog\/wp-content\/uploads\/2017\/02\/logo-osprog.png","contentUrl":"https:\/\/osonaprogramacio.com\/wp-osprog\/wp-content\/uploads\/2017\/02\/logo-osprog.png","width":220,"height":70,"caption":"Osona Programaci\u00f3"},"image":{"@id":"https:\/\/osonaprogramacio.com\/es\/#\/schema\/logo\/image\/"},"sameAs":["https:\/\/www.facebook.com\/OsonaProgramacio\/","https:\/\/twitter.com\/osonaprog"]}]}},"_links":{"self":[{"href":"https:\/\/osonaprogramacio.com\/es\/wp-json\/wp\/v2\/pages\/640"}],"collection":[{"href":"https:\/\/osonaprogramacio.com\/es\/wp-json\/wp\/v2\/pages"}],"about":[{"href":"https:\/\/osonaprogramacio.com\/es\/wp-json\/wp\/v2\/types\/page"}],"author":[{"embeddable":true,"href":"https:\/\/osonaprogramacio.com\/es\/wp-json\/wp\/v2\/users\/1"}],"replies":[{"embeddable":true,"href":"https:\/\/osonaprogramacio.com\/es\/wp-json\/wp\/v2\/comments?post=640"}],"version-history":[{"count":8,"href":"https:\/\/osonaprogramacio.com\/es\/wp-json\/wp\/v2\/pages\/640\/revisions"}],"predecessor-version":[{"id":934,"href":"https:\/\/osonaprogramacio.com\/es\/wp-json\/wp\/v2\/pages\/640\/revisions\/934"}],"wp:featuredmedia":[{"embeddable":true,"href":"https:\/\/osonaprogramacio.com\/es\/wp-json\/wp\/v2\/media\/1125"}],"wp:attachment":[{"href":"https:\/\/osonaprogramacio.com\/es\/wp-json\/wp\/v2\/media?parent=640"}],"curies":[{"name":"wp","href":"https:\/\/api.w.org\/{rel}","templated":true}]}}