{"id":682,"date":"2021-04-15T23:54:40","date_gmt":"2021-04-15T22:54:40","guid":{"rendered":"https:\/\/osonaprogramacio.com\/efficiency-control-industria-4-0\/"},"modified":"2021-04-17T12:12:05","modified_gmt":"2021-04-17T11:12:05","slug":"efficiency-control-industria-4-0","status":"publish","type":"page","link":"https:\/\/osonaprogramacio.com\/es\/efficiency-control-industria-4-0\/","title":{"rendered":"Efficiency Control para la  Industria 4.0"},"content":{"rendered":"\n<p>Captaci\u00f3n autom\u00e1tica de se\u00f1ales para la monitorizaci\u00f3n y seguimiento de la producci\u00f3n.<\/p>\n","protected":false},"excerpt":{"rendered":"Captaci\u00f3n autom\u00e1tica de se\u00f1ales para la monitorizaci\u00f3n y seguimiento de la producci\u00f3n.","protected":false},"author":1,"featured_media":605,"parent":0,"menu_order":0,"comment_status":"closed","ping_status":"closed","template":"page-industria.php","meta":[],"acf":[],"yoast_head":"<!-- This site is optimized with the Yoast SEO plugin v21.1 - https:\/\/yoast.com\/wordpress\/plugins\/seo\/ -->\n<title>Efficiency Control para la Industria 4.0 - Osona Programaci\u00f3<\/title>\n<meta name=\"robots\" content=\"index, follow, max-snippet:-1, max-image-preview:large, max-video-preview:-1\" \/>\n<link rel=\"canonical\" href=\"https:\/\/osonaprogramacio.com\/es\/efficiency-control-industria-4-0\/\" \/>\n<meta property=\"og:locale\" content=\"es_ES\" \/>\n<meta property=\"og:type\" content=\"article\" \/>\n<meta property=\"og:title\" content=\"Efficiency Control para la Industria 4.0 - Osona Programaci\u00f3\" \/>\n<meta property=\"og:description\" content=\"Captaci\u00f3n autom\u00e1tica de se\u00f1ales para la monitorizaci\u00f3n y seguimiento de la producci\u00f3n.\" \/>\n<meta property=\"og:url\" content=\"https:\/\/osonaprogramacio.com\/es\/efficiency-control-industria-4-0\/\" \/>\n<meta property=\"og:site_name\" content=\"Osona Programaci\u00f3\" \/>\n<meta property=\"article:publisher\" content=\"https:\/\/www.facebook.com\/OsonaProgramacio\/\" \/>\n<meta property=\"article:modified_time\" content=\"2021-04-17T11:12:05+00:00\" \/>\n<meta property=\"og:image\" content=\"https:\/\/osonaprogramacio.com\/wp-osprog\/wp-content\/uploads\/2021\/04\/INDUSTRIA.jpg\" \/>\n\t<meta property=\"og:image:width\" content=\"2010\" \/>\n\t<meta property=\"og:image:height\" content=\"680\" \/>\n\t<meta property=\"og:image:type\" content=\"image\/jpeg\" \/>\n<meta name=\"twitter:card\" content=\"summary_large_image\" \/>\n<meta name=\"twitter:site\" content=\"@osonaprog\" \/>\n<script type=\"application\/ld+json\" class=\"yoast-schema-graph\">{\"@context\":\"https:\/\/schema.org\",\"@graph\":[{\"@type\":\"WebPage\",\"@id\":\"https:\/\/osonaprogramacio.com\/es\/efficiency-control-industria-4-0\/\",\"url\":\"https:\/\/osonaprogramacio.com\/es\/efficiency-control-industria-4-0\/\",\"name\":\"Efficiency Control para la Industria 4.0 - Osona Programaci\u00f3\",\"isPartOf\":{\"@id\":\"https:\/\/osonaprogramacio.com\/es\/#website\"},\"datePublished\":\"2021-04-15T22:54:40+00:00\",\"dateModified\":\"2021-04-17T11:12:05+00:00\",\"breadcrumb\":{\"@id\":\"https:\/\/osonaprogramacio.com\/es\/efficiency-control-industria-4-0\/#breadcrumb\"},\"inLanguage\":\"es\",\"potentialAction\":[{\"@type\":\"ReadAction\",\"target\":[\"https:\/\/osonaprogramacio.com\/es\/efficiency-control-industria-4-0\/\"]}]},{\"@type\":\"BreadcrumbList\",\"@id\":\"https:\/\/osonaprogramacio.com\/es\/efficiency-control-industria-4-0\/#breadcrumb\",\"itemListElement\":[{\"@type\":\"ListItem\",\"position\":1,\"name\":\"Inici\",\"item\":\"https:\/\/osonaprogramacio.com\/es\/\"},{\"@type\":\"ListItem\",\"position\":2,\"name\":\"Efficiency Control para la Industria 4.0\"}]},{\"@type\":\"WebSite\",\"@id\":\"https:\/\/osonaprogramacio.com\/es\/#website\",\"url\":\"https:\/\/osonaprogramacio.com\/es\/\",\"name\":\"Osona Programaci\u00f3\",\"description\":\"Som el teu nou soci tecnol\u00f2gic\",\"publisher\":{\"@id\":\"https:\/\/osonaprogramacio.com\/es\/#organization\"},\"potentialAction\":[{\"@type\":\"SearchAction\",\"target\":{\"@type\":\"EntryPoint\",\"urlTemplate\":\"https:\/\/osonaprogramacio.com\/es\/?s={search_term_string}\"},\"query-input\":\"required name=search_term_string\"}],\"inLanguage\":\"es\"},{\"@type\":\"Organization\",\"@id\":\"https:\/\/osonaprogramacio.com\/es\/#organization\",\"name\":\"Osona Programaci\u00f3\",\"url\":\"https:\/\/osonaprogramacio.com\/es\/\",\"logo\":{\"@type\":\"ImageObject\",\"inLanguage\":\"es\",\"@id\":\"https:\/\/osonaprogramacio.com\/es\/#\/schema\/logo\/image\/\",\"url\":\"https:\/\/osonaprogramacio.com\/wp-osprog\/wp-content\/uploads\/2017\/02\/logo-osprog.png\",\"contentUrl\":\"https:\/\/osonaprogramacio.com\/wp-osprog\/wp-content\/uploads\/2017\/02\/logo-osprog.png\",\"width\":220,\"height\":70,\"caption\":\"Osona Programaci\u00f3\"},\"image\":{\"@id\":\"https:\/\/osonaprogramacio.com\/es\/#\/schema\/logo\/image\/\"},\"sameAs\":[\"https:\/\/www.facebook.com\/OsonaProgramacio\/\",\"https:\/\/twitter.com\/osonaprog\"]}]}<\/script>\n<!-- \/ Yoast SEO plugin. -->","yoast_head_json":{"title":"Efficiency Control para la Industria 4.0 - Osona Programaci\u00f3","robots":{"index":"index","follow":"follow","max-snippet":"max-snippet:-1","max-image-preview":"max-image-preview:large","max-video-preview":"max-video-preview:-1"},"canonical":"https:\/\/osonaprogramacio.com\/es\/efficiency-control-industria-4-0\/","og_locale":"es_ES","og_type":"article","og_title":"Efficiency Control para la Industria 4.0 - Osona Programaci\u00f3","og_description":"Captaci\u00f3n autom\u00e1tica de se\u00f1ales para la monitorizaci\u00f3n y seguimiento de la producci\u00f3n.","og_url":"https:\/\/osonaprogramacio.com\/es\/efficiency-control-industria-4-0\/","og_site_name":"Osona Programaci\u00f3","article_publisher":"https:\/\/www.facebook.com\/OsonaProgramacio\/","article_modified_time":"2021-04-17T11:12:05+00:00","og_image":[{"width":2010,"height":680,"url":"https:\/\/osonaprogramacio.com\/wp-osprog\/wp-content\/uploads\/2021\/04\/INDUSTRIA.jpg","type":"image\/jpeg"}],"twitter_card":"summary_large_image","twitter_site":"@osonaprog","schema":{"@context":"https:\/\/schema.org","@graph":[{"@type":"WebPage","@id":"https:\/\/osonaprogramacio.com\/es\/efficiency-control-industria-4-0\/","url":"https:\/\/osonaprogramacio.com\/es\/efficiency-control-industria-4-0\/","name":"Efficiency Control para la Industria 4.0 - Osona Programaci\u00f3","isPartOf":{"@id":"https:\/\/osonaprogramacio.com\/es\/#website"},"datePublished":"2021-04-15T22:54:40+00:00","dateModified":"2021-04-17T11:12:05+00:00","breadcrumb":{"@id":"https:\/\/osonaprogramacio.com\/es\/efficiency-control-industria-4-0\/#breadcrumb"},"inLanguage":"es","potentialAction":[{"@type":"ReadAction","target":["https:\/\/osonaprogramacio.com\/es\/efficiency-control-industria-4-0\/"]}]},{"@type":"BreadcrumbList","@id":"https:\/\/osonaprogramacio.com\/es\/efficiency-control-industria-4-0\/#breadcrumb","itemListElement":[{"@type":"ListItem","position":1,"name":"Inici","item":"https:\/\/osonaprogramacio.com\/es\/"},{"@type":"ListItem","position":2,"name":"Efficiency Control para la Industria 4.0"}]},{"@type":"WebSite","@id":"https:\/\/osonaprogramacio.com\/es\/#website","url":"https:\/\/osonaprogramacio.com\/es\/","name":"Osona Programaci\u00f3","description":"Som el teu nou soci tecnol\u00f2gic","publisher":{"@id":"https:\/\/osonaprogramacio.com\/es\/#organization"},"potentialAction":[{"@type":"SearchAction","target":{"@type":"EntryPoint","urlTemplate":"https:\/\/osonaprogramacio.com\/es\/?s={search_term_string}"},"query-input":"required name=search_term_string"}],"inLanguage":"es"},{"@type":"Organization","@id":"https:\/\/osonaprogramacio.com\/es\/#organization","name":"Osona Programaci\u00f3","url":"https:\/\/osonaprogramacio.com\/es\/","logo":{"@type":"ImageObject","inLanguage":"es","@id":"https:\/\/osonaprogramacio.com\/es\/#\/schema\/logo\/image\/","url":"https:\/\/osonaprogramacio.com\/wp-osprog\/wp-content\/uploads\/2017\/02\/logo-osprog.png","contentUrl":"https:\/\/osonaprogramacio.com\/wp-osprog\/wp-content\/uploads\/2017\/02\/logo-osprog.png","width":220,"height":70,"caption":"Osona Programaci\u00f3"},"image":{"@id":"https:\/\/osonaprogramacio.com\/es\/#\/schema\/logo\/image\/"},"sameAs":["https:\/\/www.facebook.com\/OsonaProgramacio\/","https:\/\/twitter.com\/osonaprog"]}]}},"_links":{"self":[{"href":"https:\/\/osonaprogramacio.com\/es\/wp-json\/wp\/v2\/pages\/682"}],"collection":[{"href":"https:\/\/osonaprogramacio.com\/es\/wp-json\/wp\/v2\/pages"}],"about":[{"href":"https:\/\/osonaprogramacio.com\/es\/wp-json\/wp\/v2\/types\/page"}],"author":[{"embeddable":true,"href":"https:\/\/osonaprogramacio.com\/es\/wp-json\/wp\/v2\/users\/1"}],"replies":[{"embeddable":true,"href":"https:\/\/osonaprogramacio.com\/es\/wp-json\/wp\/v2\/comments?post=682"}],"version-history":[{"count":3,"href":"https:\/\/osonaprogramacio.com\/es\/wp-json\/wp\/v2\/pages\/682\/revisions"}],"predecessor-version":[{"id":722,"href":"https:\/\/osonaprogramacio.com\/es\/wp-json\/wp\/v2\/pages\/682\/revisions\/722"}],"wp:featuredmedia":[{"embeddable":true,"href":"https:\/\/osonaprogramacio.com\/es\/wp-json\/wp\/v2\/media\/605"}],"wp:attachment":[{"href":"https:\/\/osonaprogramacio.com\/es\/wp-json\/wp\/v2\/media?parent=682"}],"curies":[{"name":"wp","href":"https:\/\/api.w.org\/{rel}","templated":true}]}}