{"id":777,"date":"2021-04-21T08:50:29","date_gmt":"2021-04-21T07:50:29","guid":{"rendered":"https:\/\/osonaprogramacio.com\/inici-2\/"},"modified":"2021-11-11T16:28:57","modified_gmt":"2021-11-11T15:28:57","slug":"inici-2","status":"publish","type":"page","link":"https:\/\/osonaprogramacio.com\/es\/","title":{"rendered":"Inicio"},"content":{"rendered":"\n<p>Desde Osona Programaci\u00f3n ayudamos a las empresas a optimizar la manera de producir. Lo hacemos creando un software a medida siguiendo estos valores: <\/p>\n","protected":false},"excerpt":{"rendered":"Desde Osona Programaci\u00f3n ayudamos a las empresas a optimizar la manera de producir. Lo hacemos creando un software a medida siguiendo estos valores:","protected":false},"author":1,"featured_media":0,"parent":0,"menu_order":0,"comment_status":"closed","ping_status":"closed","template":"page-home-v2.php","meta":[],"acf":[],"yoast_head":"<!-- This site is optimized with the Yoast SEO plugin v21.1 - https:\/\/yoast.com\/wordpress\/plugins\/seo\/ -->\n<title>Osona Programaci\u00f3<\/title>\n<meta name=\"description\" content=\"En Osprog creamos las herramientas para mejorar la gesti\u00f3n. Hacemos programas sat\u00e9lite para enlazar con los sistemas de planificaci\u00f3n de recursos empresariales (ERP). Producimos software, administramos aplicaciones y llevamos la tecnolog\u00eda m\u00e1s innovadora a tu empresa.\" \/>\n<meta name=\"robots\" content=\"index, follow, max-snippet:-1, max-image-preview:large, max-video-preview:-1\" \/>\n<link rel=\"canonical\" href=\"https:\/\/osonaprogramacio.com\/es\/\" \/>\n<meta property=\"og:locale\" content=\"es_ES\" \/>\n<meta property=\"og:type\" content=\"article\" \/>\n<meta property=\"og:title\" content=\"Osona Programaci\u00f3\" \/>\n<meta property=\"og:description\" content=\"En Osprog creamos las herramientas para mejorar la gesti\u00f3n. Hacemos programas sat\u00e9lite para enlazar con los sistemas de planificaci\u00f3n de recursos empresariales (ERP). Producimos software, administramos aplicaciones y llevamos la tecnolog\u00eda m\u00e1s innovadora a tu empresa.\" \/>\n<meta property=\"og:url\" content=\"https:\/\/osonaprogramacio.com\/es\/\" \/>\n<meta property=\"og:site_name\" content=\"Osona Programaci\u00f3\" \/>\n<meta property=\"article:publisher\" content=\"https:\/\/www.facebook.com\/OsonaProgramacio\/\" \/>\n<meta property=\"article:modified_time\" content=\"2021-11-11T15:28:57+00:00\" \/>\n<meta property=\"og:image\" content=\"https:\/\/osonaprogramacio.com\/wp-osprog\/wp-content\/uploads\/2017\/02\/logo-osprog-xxss.png\" \/>\n\t<meta property=\"og:image:width\" content=\"250\" \/>\n\t<meta property=\"og:image:height\" content=\"250\" \/>\n\t<meta property=\"og:image:type\" content=\"image\/png\" \/>\n<meta name=\"twitter:card\" content=\"summary_large_image\" \/>\n<meta name=\"twitter:site\" content=\"@osonaprog\" \/>\n<meta name=\"twitter:label1\" content=\"Tiempo de lectura\" \/>\n\t<meta name=\"twitter:data1\" content=\"1 minuto\" \/>\n<script type=\"application\/ld+json\" class=\"yoast-schema-graph\">{\"@context\":\"https:\/\/schema.org\",\"@graph\":[{\"@type\":\"WebPage\",\"@id\":\"https:\/\/osonaprogramacio.com\/es\/\",\"url\":\"https:\/\/osonaprogramacio.com\/es\/\",\"name\":\"Osona Programaci\u00f3\",\"isPartOf\":{\"@id\":\"https:\/\/osonaprogramacio.com\/es\/#website\"},\"datePublished\":\"2021-04-21T07:50:29+00:00\",\"dateModified\":\"2021-11-11T15:28:57+00:00\",\"description\":\"En Osprog creamos las herramientas para mejorar la gesti\u00f3n. Hacemos programas sat\u00e9lite para enlazar con los sistemas de planificaci\u00f3n de recursos empresariales (ERP). Producimos software, administramos aplicaciones y llevamos la tecnolog\u00eda m\u00e1s innovadora a tu empresa.\",\"breadcrumb\":{\"@id\":\"https:\/\/osonaprogramacio.com\/es\/#breadcrumb\"},\"inLanguage\":\"es\",\"potentialAction\":[{\"@type\":\"ReadAction\",\"target\":[\"https:\/\/osonaprogramacio.com\/es\/\"]}]},{\"@type\":\"BreadcrumbList\",\"@id\":\"https:\/\/osonaprogramacio.com\/es\/#breadcrumb\",\"itemListElement\":[{\"@type\":\"ListItem\",\"position\":1,\"name\":\"Inici\",\"item\":\"https:\/\/osonaprogramacio.com\/es\/\"},{\"@type\":\"ListItem\",\"position\":2,\"name\":\"Inicio\"}]},{\"@type\":\"WebSite\",\"@id\":\"https:\/\/osonaprogramacio.com\/es\/#website\",\"url\":\"https:\/\/osonaprogramacio.com\/es\/\",\"name\":\"Osona Programaci\u00f3\",\"description\":\"Som el teu nou soci tecnol\u00f2gic\",\"publisher\":{\"@id\":\"https:\/\/osonaprogramacio.com\/es\/#organization\"},\"potentialAction\":[{\"@type\":\"SearchAction\",\"target\":{\"@type\":\"EntryPoint\",\"urlTemplate\":\"https:\/\/osonaprogramacio.com\/es\/?s={search_term_string}\"},\"query-input\":\"required name=search_term_string\"}],\"inLanguage\":\"es\"},{\"@type\":\"Organization\",\"@id\":\"https:\/\/osonaprogramacio.com\/es\/#organization\",\"name\":\"Osona Programaci\u00f3\",\"url\":\"https:\/\/osonaprogramacio.com\/es\/\",\"logo\":{\"@type\":\"ImageObject\",\"inLanguage\":\"es\",\"@id\":\"https:\/\/osonaprogramacio.com\/es\/#\/schema\/logo\/image\/\",\"url\":\"https:\/\/osonaprogramacio.com\/wp-osprog\/wp-content\/uploads\/2017\/02\/logo-osprog.png\",\"contentUrl\":\"https:\/\/osonaprogramacio.com\/wp-osprog\/wp-content\/uploads\/2017\/02\/logo-osprog.png\",\"width\":220,\"height\":70,\"caption\":\"Osona Programaci\u00f3\"},\"image\":{\"@id\":\"https:\/\/osonaprogramacio.com\/es\/#\/schema\/logo\/image\/\"},\"sameAs\":[\"https:\/\/www.facebook.com\/OsonaProgramacio\/\",\"https:\/\/twitter.com\/osonaprog\"]}]}<\/script>\n<!-- \/ Yoast SEO plugin. -->","yoast_head_json":{"title":"Osona Programaci\u00f3","description":"En Osprog creamos las herramientas para mejorar la gesti\u00f3n. Hacemos programas sat\u00e9lite para enlazar con los sistemas de planificaci\u00f3n de recursos empresariales (ERP). Producimos software, administramos aplicaciones y llevamos la tecnolog\u00eda m\u00e1s innovadora a tu empresa.","robots":{"index":"index","follow":"follow","max-snippet":"max-snippet:-1","max-image-preview":"max-image-preview:large","max-video-preview":"max-video-preview:-1"},"canonical":"https:\/\/osonaprogramacio.com\/es\/","og_locale":"es_ES","og_type":"article","og_title":"Osona Programaci\u00f3","og_description":"En Osprog creamos las herramientas para mejorar la gesti\u00f3n. Hacemos programas sat\u00e9lite para enlazar con los sistemas de planificaci\u00f3n de recursos empresariales (ERP). Producimos software, administramos aplicaciones y llevamos la tecnolog\u00eda m\u00e1s innovadora a tu empresa.","og_url":"https:\/\/osonaprogramacio.com\/es\/","og_site_name":"Osona Programaci\u00f3","article_publisher":"https:\/\/www.facebook.com\/OsonaProgramacio\/","article_modified_time":"2021-11-11T15:28:57+00:00","og_image":[{"width":250,"height":250,"url":"https:\/\/osonaprogramacio.com\/wp-osprog\/wp-content\/uploads\/2017\/02\/logo-osprog-xxss.png","type":"image\/png"}],"twitter_card":"summary_large_image","twitter_site":"@osonaprog","twitter_misc":{"Tiempo de lectura":"1 minuto"},"schema":{"@context":"https:\/\/schema.org","@graph":[{"@type":"WebPage","@id":"https:\/\/osonaprogramacio.com\/es\/","url":"https:\/\/osonaprogramacio.com\/es\/","name":"Osona Programaci\u00f3","isPartOf":{"@id":"https:\/\/osonaprogramacio.com\/es\/#website"},"datePublished":"2021-04-21T07:50:29+00:00","dateModified":"2021-11-11T15:28:57+00:00","description":"En Osprog creamos las herramientas para mejorar la gesti\u00f3n. Hacemos programas sat\u00e9lite para enlazar con los sistemas de planificaci\u00f3n de recursos empresariales (ERP). Producimos software, administramos aplicaciones y llevamos la tecnolog\u00eda m\u00e1s innovadora a tu empresa.","breadcrumb":{"@id":"https:\/\/osonaprogramacio.com\/es\/#breadcrumb"},"inLanguage":"es","potentialAction":[{"@type":"ReadAction","target":["https:\/\/osonaprogramacio.com\/es\/"]}]},{"@type":"BreadcrumbList","@id":"https:\/\/osonaprogramacio.com\/es\/#breadcrumb","itemListElement":[{"@type":"ListItem","position":1,"name":"Inici","item":"https:\/\/osonaprogramacio.com\/es\/"},{"@type":"ListItem","position":2,"name":"Inicio"}]},{"@type":"WebSite","@id":"https:\/\/osonaprogramacio.com\/es\/#website","url":"https:\/\/osonaprogramacio.com\/es\/","name":"Osona Programaci\u00f3","description":"Som el teu nou soci tecnol\u00f2gic","publisher":{"@id":"https:\/\/osonaprogramacio.com\/es\/#organization"},"potentialAction":[{"@type":"SearchAction","target":{"@type":"EntryPoint","urlTemplate":"https:\/\/osonaprogramacio.com\/es\/?s={search_term_string}"},"query-input":"required name=search_term_string"}],"inLanguage":"es"},{"@type":"Organization","@id":"https:\/\/osonaprogramacio.com\/es\/#organization","name":"Osona Programaci\u00f3","url":"https:\/\/osonaprogramacio.com\/es\/","logo":{"@type":"ImageObject","inLanguage":"es","@id":"https:\/\/osonaprogramacio.com\/es\/#\/schema\/logo\/image\/","url":"https:\/\/osonaprogramacio.com\/wp-osprog\/wp-content\/uploads\/2017\/02\/logo-osprog.png","contentUrl":"https:\/\/osonaprogramacio.com\/wp-osprog\/wp-content\/uploads\/2017\/02\/logo-osprog.png","width":220,"height":70,"caption":"Osona Programaci\u00f3"},"image":{"@id":"https:\/\/osonaprogramacio.com\/es\/#\/schema\/logo\/image\/"},"sameAs":["https:\/\/www.facebook.com\/OsonaProgramacio\/","https:\/\/twitter.com\/osonaprog"]}]}},"_links":{"self":[{"href":"https:\/\/osonaprogramacio.com\/es\/wp-json\/wp\/v2\/pages\/777"}],"collection":[{"href":"https:\/\/osonaprogramacio.com\/es\/wp-json\/wp\/v2\/pages"}],"about":[{"href":"https:\/\/osonaprogramacio.com\/es\/wp-json\/wp\/v2\/types\/page"}],"author":[{"embeddable":true,"href":"https:\/\/osonaprogramacio.com\/es\/wp-json\/wp\/v2\/users\/1"}],"replies":[{"embeddable":true,"href":"https:\/\/osonaprogramacio.com\/es\/wp-json\/wp\/v2\/comments?post=777"}],"version-history":[{"count":8,"href":"https:\/\/osonaprogramacio.com\/es\/wp-json\/wp\/v2\/pages\/777\/revisions"}],"predecessor-version":[{"id":1071,"href":"https:\/\/osonaprogramacio.com\/es\/wp-json\/wp\/v2\/pages\/777\/revisions\/1071"}],"wp:attachment":[{"href":"https:\/\/osonaprogramacio.com\/es\/wp-json\/wp\/v2\/media?parent=777"}],"curies":[{"name":"wp","href":"https:\/\/api.w.org\/{rel}","templated":true}]}}